{"id":1852,"date":"2025-09-15T10:01:37","date_gmt":"2025-09-15T08:01:37","guid":{"rendered":"https:\/\/www.camping-lesalizes.fr\/witte-zee\/"},"modified":"2025-12-01T10:28:14","modified_gmt":"2025-12-01T09:28:14","slug":"witte-zee","status":"publish","type":"page","link":"https:\/\/www.camping-lesalizes.fr\/nl\/witte-zee\/","title":{"rendered":"Witte zee"},"content":{"rendered":"<div class=\"diaporama-header align-full\"><div class=\"gallery\"><figure class=\"gallery__item\"><picture><source srcset=\"https:\/\/www.camping-lesalizes.fr\/wp-content\/uploads\/2025\/10\/camping-la-mer-blanche-420x188.jpg.webp\" media=\"(max-width: 210px)\"><source srcset=\"https:\/\/www.camping-lesalizes.fr\/wp-content\/uploads\/2025\/10\/camping-la-mer-blanche-850x381.jpg.webp\" media=\"(max-width: 420px)\"><source srcset=\"https:\/\/www.camping-lesalizes.fr\/wp-content\/uploads\/2025\/10\/camping-la-mer-blanche-768x344.jpg.webp\" media=\"(max-width: 850px)\"><source srcset=\"https:\/\/www.camping-lesalizes.fr\/wp-content\/uploads\/2025\/10\/camping-la-mer-blanche-1024x459.jpg.webp\" media=\"(max-width: 1024px)\"><source srcset=\"https:\/\/www.camping-lesalizes.fr\/wp-content\/uploads\/2025\/10\/camping-la-mer-blanche.jpg.webp\" media=\"(min-width: 1025px)\"><img loading=\"lazy\" decoding=\"async\" src=\"https:\/\/www.camping-lesalizes.fr\/wp-content\/uploads\/2025\/10\/camping-la-mer-blanche-420x188.jpg.webp\" width=\"420\" height=\"210\" alt=\"\" title=\"\"><\/picture><\/figure><\/div><div class=\"diaporama-header__inner\"><div class=\"group note\">\n<a href=\"https:\/\/www.camping-lesalizes.fr\/nl\/opinie\/\" class=\"avis-resume\"><span class=\"h1\">8,80\/10<\/span> <span class=\"compteur\">474 mening<\/span><\/a>\n<\/div><\/div><\/div><h1 class=\"h1\" style=\"text-align: center;\">Camping la Mer Blanche in B\u00e9nodet Je 4-sterren ontsnapping<\/h1><p class=\"h4 center\" style=\"text-align: center;\"  >Onvergetelijke vakanties in het hart van de kust<\/p><div class=\"group sec-15 align-full has-bg has-fond-bg-color\" style=\"background-color:var(--fond);\"><figure class=\"vague\"><picture><source srcset=\"https:\/\/www.camping-lesalizes.fr\/wp-content\/uploads\/2025\/09\/vague-haut-fond-bleu-420x26.webp\" media=\"(max-width: 210px)\"><source srcset=\"https:\/\/www.camping-lesalizes.fr\/wp-content\/uploads\/2025\/09\/vague-haut-fond-bleu-850x53.webp\" media=\"(max-width: 420px)\"><source srcset=\"https:\/\/www.camping-lesalizes.fr\/wp-content\/uploads\/2025\/09\/vague-haut-fond-bleu-768x48.webp\" media=\"(max-width: 850px)\"><source srcset=\"https:\/\/www.camping-lesalizes.fr\/wp-content\/uploads\/2025\/09\/vague-haut-fond-bleu-1024x64.webp\" media=\"(max-width: 1024px)\"><source srcset=\"https:\/\/www.camping-lesalizes.fr\/wp-content\/uploads\/2025\/09\/vague-haut-fond-bleu.webp\" media=\"(min-width: 1025px)\"><img decoding=\"async\" src=\"https:\/\/www.camping-lesalizes.fr\/wp-content\/uploads\/2025\/09\/vague-haut-fond-bleu-420x26.webp\" width=\"420\" height=\"210\" loading=\"lazy\" alt=\"\" title=\"\"><\/picture><\/figure><div class=\"columns reverse-mob\"><div class=\"columns__item flex-06 media fade-left\"><div class=\"gallery height-adapt\"><figure class=\"gallery__item\"><picture><source srcset=\"https:\/\/www.camping-lesalizes.fr\/wp-content\/uploads\/2025\/10\/camping-la-mer-blanche-1-299x420.jpg.webp\" media=\"(max-width: 210px)\"><source srcset=\"https:\/\/www.camping-lesalizes.fr\/wp-content\/uploads\/2025\/10\/camping-la-mer-blanche-1-604x850.jpg.webp\" media=\"(max-width: 420px)\"><source srcset=\"https:\/\/www.camping-lesalizes.fr\/wp-content\/uploads\/2025\/10\/camping-la-mer-blanche-1-768x1080.jpg.webp\" media=\"(max-width: 850px)\"><source srcset=\"https:\/\/www.camping-lesalizes.fr\/wp-content\/uploads\/2025\/10\/camping-la-mer-blanche-1-728x1024.jpg.webp\" media=\"(max-width: 1024px)\"><source srcset=\"https:\/\/www.camping-lesalizes.fr\/wp-content\/uploads\/2025\/10\/camping-la-mer-blanche-1.jpg.webp\" media=\"(min-width: 1025px)\"><img decoding=\"async\" src=\"https:\/\/www.camping-lesalizes.fr\/wp-content\/uploads\/2025\/10\/camping-la-mer-blanche-1-299x420.jpg.webp\" width=\"420\" height=\"210\" loading=\"lazy\" alt=\"\" title=\"\"><\/picture><\/figure><\/div><\/div><div class=\"columns__item texte fade-right\" style=\"align-self:center;\"><h2 class=\"h1\" style=\"color: var(--bleu);\">Ontsnap, ontspan en cre\u00eber herinneringen<\/h2><p    >In het hart van de charmante badplaats B\u00e9nodet, op slechts 3,5 km van de zandstranden, nodigt de 4-sterren Camping Club La Mer Blanche je uit voor een onvergetelijke vakantie.<\/p><p    >Van ontspannen aan het water tot leuke activiteiten en het ontdekken van de regio, we hebben aan alles gedacht zodat elk moment een dierbare herinnering wordt.<\/p><div class=\"lireplus fc-mob\"><p    >Meer lezen<\/p><div class=\"group\"><p    >Of je nu met je gezin, met z&#8217;n twee\u00ebn of met vrienden reist, laat je verleiden door het comfort, de charme en de warme sfeer van onze camping.<\/p><p    >Profiteer van een ruim aanbod: van ruime staanplaatsen voor tenten, caravans en campers tot volledig uitgeruste stacaravans voor maximaal 12 personen.<\/p><p    >Kwaliteitsdiensten en een vriendelijke sfeer maken deel uit van het DNA van de camping.<\/p><\/div><\/div><div class=\"buttons\"><a href=\"https:\/\/camping-benodet-vacances.com\/\" rel=\"noreferrer noopener\" target=\"_blank\" class=\"buttons__btn\"><span class=\"fc-icon\"><svg width=\"16\" height=\"16\" viewBox=\"0 0 16 16\" fill=\"none\" xmlns=\"http:\/\/www.w3.org\/2000\/svg\">\n<g clip-path=\"url(#clip0_479_126)\">\n<path d=\"M5.6 15.675L9.1 13.05C9.14375 13.0187 9.19687 13 9.25 13H13C14.6562 13 16 11.6562 16 10V3C16 1.34375 14.6562 0 13 0H3C1.34375 0 0 1.34375 0 3V10C0 11.6562 1.34375 13 3 13H4V15.125C4 15.6094 4.39062 16 4.875 16C5.06562 16 5.25 15.9375 5.4 15.825L5.6 15.675ZM5 13V12.75C5 12.3344 4.66563 12 4.25 12H3C1.89688 12 1 11.1031 1 10V3C1 1.89688 1.89688 1 3 1H13C14.1031 1 15 1.89688 15 3V10C15 11.1031 14.1031 12 13 12H9.25C8.97813 12 8.71563 12.0875 8.5 12.25L5 14.875V13ZM4 7.25C4.41563 7.25 4.75 6.91563 4.75 6.5C4.75 6.08437 4.41563 5.75 4 5.75C3.58437 5.75 3.25 6.08437 3.25 6.5C3.25 6.91563 3.58437 7.25 4 7.25ZM8 7.25C8.41563 7.25 8.75 6.91563 8.75 6.5C8.75 6.08437 8.41563 5.75 8 5.75C7.58437 5.75 7.25 6.08437 7.25 6.5C7.25 6.91563 7.58437 7.25 8 7.25ZM12.75 6.5C12.75 6.08437 12.4156 5.75 12 5.75C11.5844 5.75 11.25 6.08437 11.25 6.5C11.25 6.91563 11.5844 7.25 12 7.25C12.4156 7.25 12.75 6.91563 12.75 6.5Z\" fill=\"white\"\/>\n<\/g>\n<defs>\n<clipPath id=\"clip0_479_126\">\n<rect width=\"16\" height=\"16\" fill=\"white\"\/>\n<\/clipPath>\n<\/defs>\n<\/svg>\n<\/span>  Ontdek deze camping<\/a><\/div><\/div><\/div><figure class=\"vague\"><picture><source srcset=\"https:\/\/www.camping-lesalizes.fr\/wp-content\/uploads\/2025\/09\/vague-bas-fond-bleu-420x20.webp\" media=\"(max-width: 210px)\"><source srcset=\"https:\/\/www.camping-lesalizes.fr\/wp-content\/uploads\/2025\/09\/vague-bas-fond-bleu-850x40.webp\" media=\"(max-width: 420px)\"><source srcset=\"https:\/\/www.camping-lesalizes.fr\/wp-content\/uploads\/2025\/09\/vague-bas-fond-bleu-768x36.webp\" media=\"(max-width: 850px)\"><source srcset=\"https:\/\/www.camping-lesalizes.fr\/wp-content\/uploads\/2025\/09\/vague-bas-fond-bleu-1024x48.webp\" media=\"(max-width: 1024px)\"><source srcset=\"https:\/\/www.camping-lesalizes.fr\/wp-content\/uploads\/2025\/09\/vague-bas-fond-bleu.webp\" media=\"(min-width: 1025px)\"><img decoding=\"async\" src=\"https:\/\/www.camping-lesalizes.fr\/wp-content\/uploads\/2025\/09\/vague-bas-fond-bleu-420x20.webp\" width=\"420\" height=\"210\" loading=\"lazy\" alt=\"\" title=\"\"><\/picture><\/figure><\/div><div class=\"columns sec-05 reverse-mob\" style=\"align-items:center;\"><div class=\"columns__item media fade-left\" style=\"align-self:center;\"><div class=\"gallery grid\"><figure class=\"gallery__item\"><picture><source srcset=\"https:\/\/www.camping-lesalizes.fr\/wp-content\/uploads\/2025\/10\/camping-la-mer-blanche-2-231x420.jpg.webp\" media=\"(max-width: 210px)\"><source srcset=\"https:\/\/www.camping-lesalizes.fr\/wp-content\/uploads\/2025\/10\/camping-la-mer-blanche-2-468x850.jpg.webp\" media=\"(max-width: 420px)\"><source srcset=\"https:\/\/www.camping-lesalizes.fr\/wp-content\/uploads\/2025\/10\/camping-la-mer-blanche-2.jpg.webp\" media=\"(max-width: 850px)\"><source srcset=\"https:\/\/www.camping-lesalizes.fr\/wp-content\/uploads\/2025\/10\/camping-la-mer-blanche-2-564x1024.jpg.webp\" media=\"(max-width: 1024px)\"><source srcset=\"https:\/\/www.camping-lesalizes.fr\/wp-content\/uploads\/2025\/10\/camping-la-mer-blanche-2.jpg.webp\" media=\"(min-width: 1025px)\"><img decoding=\"async\" src=\"https:\/\/www.camping-lesalizes.fr\/wp-content\/uploads\/2025\/10\/camping-la-mer-blanche-2-231x420.jpg.webp\" width=\"420\" height=\"210\" loading=\"lazy\" alt=\"\" title=\"\"><\/picture><\/figure><figure class=\"gallery__item grande\"><picture><source srcset=\"https:\/\/www.camping-lesalizes.fr\/wp-content\/uploads\/2025\/10\/camping-la-mer-blanche-3-203x420.jpg.webp\" media=\"(max-width: 210px)\"><source srcset=\"https:\/\/www.camping-lesalizes.fr\/wp-content\/uploads\/2025\/10\/camping-la-mer-blanche-3-412x850.jpg.webp\" media=\"(max-width: 420px)\"><source srcset=\"https:\/\/www.camping-lesalizes.fr\/wp-content\/uploads\/2025\/10\/camping-la-mer-blanche-3.jpg.webp\" media=\"(max-width: 850px)\"><source srcset=\"https:\/\/www.camping-lesalizes.fr\/wp-content\/uploads\/2025\/10\/camping-la-mer-blanche-3-496x1024.jpg.webp\" media=\"(max-width: 1024px)\"><source srcset=\"https:\/\/www.camping-lesalizes.fr\/wp-content\/uploads\/2025\/10\/camping-la-mer-blanche-3.jpg.webp\" media=\"(min-width: 1025px)\"><img decoding=\"async\" src=\"https:\/\/www.camping-lesalizes.fr\/wp-content\/uploads\/2025\/10\/camping-la-mer-blanche-3-203x420.jpg.webp\" width=\"420\" height=\"210\" loading=\"lazy\" alt=\"\" title=\"\"><\/picture><\/figure><\/div><\/div><div class=\"columns__item texte\" style=\"align-self:center;\"><h2 class=\"h1\" style=\"color: var(--bleu);\">Avonturen en ontdekkingen in het hart van Bretagne<\/h2><p    >Of je nu houdt van zwemmen, waterspelletjes of gewoon lekker ontspannen, ons zwemparadijs heeft alles wat je nodig hebt. Profiteer van het verwarmde binnenzwembad, ideaal om te ontspannen in elk seizoen, of laat je meevoeren naar het buitengedeelte waar glijbanen, waterstralen en een peuterbad uren plezier beloven voor jong en oud. <\/p><div class=\"lireplus fc-mob\"><p    >Meer lezen<\/p><div class=\"group\"><p    >Voor degenen die van een beetje actie houden, biedt ons animatieteam de hele dag door verschillende activiteiten: sportspellen, leuke uitdagingen of creatieve workshops, er is voor elk wat wils. En als je liever rust hebt, ga dan lekker liggen op een ligbedje bij het zwembad, met een boek in de hand, en laat de zon en de zachte zomersfeer de rest doen. <\/p><\/div><\/div><\/div><div class=\"columns__item has-deco fade-up hide-mob\" style=\"align-self:center;\"><figure><picture><source srcset=\"https:\/\/www.camping-lesalizes.fr\/wp-content\/uploads\/2025\/09\/illu-ananas-bouee-420x420.webp\" media=\"(max-width: 210px)\"><source srcset=\"https:\/\/www.camping-lesalizes.fr\/wp-content\/uploads\/2025\/09\/illu-ananas-bouee.webp\" media=\"(max-width: 420px)\"><source srcset=\"https:\/\/www.camping-lesalizes.fr\/wp-content\/uploads\/2025\/09\/illu-ananas-bouee.webp\" media=\"(max-width: 850px)\"><source srcset=\"https:\/\/www.camping-lesalizes.fr\/wp-content\/uploads\/2025\/09\/illu-ananas-bouee.webp\" media=\"(max-width: 1024px)\"><source srcset=\"https:\/\/www.camping-lesalizes.fr\/wp-content\/uploads\/2025\/09\/illu-ananas-bouee.webp\" media=\"(min-width: 1025px)\"><img decoding=\"async\" src=\"https:\/\/www.camping-lesalizes.fr\/wp-content\/uploads\/2025\/09\/illu-ananas-bouee-420x420.webp\" width=\"420\" height=\"210\" loading=\"lazy\" alt=\"\" title=\"\"><\/picture><\/figure><\/div><\/div><div class=\"columns sec-10\"><div class=\"columns__item texte fade-left\" style=\"align-self:center;\"><h2 class=\"decalage droite h1\" style=\"color: var(--orange);\">Avonturen en ontdekkingen in het hart van Bretagne<\/h2><p    >Laat je vanaf de camping verleiden door de schatten van de regio. Wandel langs de zandstranden, maak een boottocht langs de kust of ontdek het rijke en fascinerende historische erfgoed. Fijnproevers komen ook aan hun trekken: proef de lokale specialiteiten in de charmante restaurantjes van B\u00e9nodet en geniet van elk moment.  <\/p><\/div><div class=\"columns__item media fade-right has-fond-orange-background-color has-background\" style=\"background-color:var(--fond-orange);\"><div class=\"gallery\"><figure class=\"gallery__item fondu blanc\"><picture><source srcset=\"https:\/\/www.camping-lesalizes.fr\/wp-content\/uploads\/2025\/10\/camping-la-mer-blanche-4-420x356.jpg.webp\" media=\"(max-width: 210px)\"><source srcset=\"https:\/\/www.camping-lesalizes.fr\/wp-content\/uploads\/2025\/10\/camping-la-mer-blanche-4-850x721.jpg.webp\" media=\"(max-width: 420px)\"><source srcset=\"https:\/\/www.camping-lesalizes.fr\/wp-content\/uploads\/2025\/10\/camping-la-mer-blanche-4-768x652.jpg.webp\" media=\"(max-width: 850px)\"><source srcset=\"https:\/\/www.camping-lesalizes.fr\/wp-content\/uploads\/2025\/10\/camping-la-mer-blanche-4-1024x869.jpg.webp\" media=\"(max-width: 1024px)\"><source srcset=\"https:\/\/www.camping-lesalizes.fr\/wp-content\/uploads\/2025\/10\/camping-la-mer-blanche-4.jpg.webp\" media=\"(min-width: 1025px)\"><img decoding=\"async\" src=\"https:\/\/www.camping-lesalizes.fr\/wp-content\/uploads\/2025\/10\/camping-la-mer-blanche-4-420x356.jpg.webp\" width=\"420\" height=\"210\" loading=\"lazy\" alt=\"\" title=\"\"><\/picture><\/figure><figure class=\"gallery__item\"><picture><source srcset=\"https:\/\/www.camping-lesalizes.fr\/wp-content\/uploads\/2025\/10\/camping-la-mer-blanche-5-420x356.jpg\" media=\"(max-width: 210px)\"><source srcset=\"https:\/\/www.camping-lesalizes.fr\/wp-content\/uploads\/2025\/10\/camping-la-mer-blanche-5-850x721.jpg\" media=\"(max-width: 420px)\"><source srcset=\"https:\/\/www.camping-lesalizes.fr\/wp-content\/uploads\/2025\/10\/camping-la-mer-blanche-5-768x652.jpg\" media=\"(max-width: 850px)\"><source srcset=\"https:\/\/www.camping-lesalizes.fr\/wp-content\/uploads\/2025\/10\/camping-la-mer-blanche-5-1024x869.jpg\" media=\"(max-width: 1024px)\"><source srcset=\"https:\/\/www.camping-lesalizes.fr\/wp-content\/uploads\/2025\/10\/camping-la-mer-blanche-5.jpg\" media=\"(min-width: 1025px)\"><img decoding=\"async\" src=\"https:\/\/www.camping-lesalizes.fr\/wp-content\/uploads\/2025\/10\/camping-la-mer-blanche-5-420x356.jpg\" width=\"420\" height=\"210\" loading=\"lazy\" alt=\"\" title=\"\"><\/picture><\/figure><\/div><\/div><\/div>","protected":false},"excerpt":{"rendered":"<p>Camping la Mer Blanche in B\u00e9nodet Je 4-sterren ontsnapping Onvergetelijke vakanties in het hart van de kust Ontsnap, ontspan en cre\u00eber herinneringen In het hart van de charmante badplaats B\u00e9nodet, op slechts 3,5 km van de zandstranden, nodigt de 4-sterren Camping Club La Mer Blanche je uit voor een onvergetelijke vakantie. Van ontspannen aan het [&hellip;]<\/p>\n","protected":false},"author":1,"featured_media":0,"parent":0,"menu_order":0,"comment_status":"closed","ping_status":"closed","template":"","meta":{"_acf_changed":false,"footnotes":""},"acf":[],"_links":{"self":[{"href":"https:\/\/www.camping-lesalizes.fr\/nl\/wp-json\/wp\/v2\/pages\/1852"}],"collection":[{"href":"https:\/\/www.camping-lesalizes.fr\/nl\/wp-json\/wp\/v2\/pages"}],"about":[{"href":"https:\/\/www.camping-lesalizes.fr\/nl\/wp-json\/wp\/v2\/types\/page"}],"author":[{"embeddable":true,"href":"https:\/\/www.camping-lesalizes.fr\/nl\/wp-json\/wp\/v2\/users\/1"}],"replies":[{"embeddable":true,"href":"https:\/\/www.camping-lesalizes.fr\/nl\/wp-json\/wp\/v2\/comments?post=1852"}],"version-history":[{"count":1,"href":"https:\/\/www.camping-lesalizes.fr\/nl\/wp-json\/wp\/v2\/pages\/1852\/revisions"}],"predecessor-version":[{"id":1857,"href":"https:\/\/www.camping-lesalizes.fr\/nl\/wp-json\/wp\/v2\/pages\/1852\/revisions\/1857"}],"wp:attachment":[{"href":"https:\/\/www.camping-lesalizes.fr\/nl\/wp-json\/wp\/v2\/media?parent=1852"}],"curies":[{"name":"wp","href":"https:\/\/api.w.org\/{rel}","templated":true}]}}